{"id":350,"date":"2025-01-18T11:25:11","date_gmt":"2025-01-18T10:25:11","guid":{"rendered":"http:\/\/dignityorder.com\/?page_id=350"},"modified":"2025-02-11T14:21:15","modified_gmt":"2025-02-11T13:21:15","slug":"bibliografia","status":"publish","type":"page","link":"https:\/\/dignityorder.com\/en\/gran-maestro\/bibliografia\/","title":{"rendered":"Bibliography"},"content":{"rendered":"\n\n\t<nav aria-label=\"breadcrumbs\">\n            <div class=\"breadcrumb-container theme1\">\n                <ol>\n                                    <\/ol>\n            <\/div>\n        <\/nav>    <script type=\"application\/ld+json\">\n        {\n            \"@context\": \"http:\/\/schema.org\",\n            \"@type\": \"BreadcrumbList\",\n            \"itemListElement\": [\n                            ]\n        }\n    <\/script>\n   \n    <script>\n            <\/script>\n\n\t<h1>Bibliografia<\/h1>\n    <img loading=\"lazy\" decoding=\"async\" src=\"\/wp-content\/uploads\/2025\/01\/libro1.jpg\" alt=\"Libro: Introduzione alla logica dei sistemi normativi, Bologna, Il Mulino, 1972.\" width=\"231\" height=\"344\" \/>\n        <em>Introduzione alla logica dei sistemi normativi<\/em>, Bologna, Il Mulino, 1972.\n<p>La logica simbolica, dai tempi pioneristici di Boole a Russell, si \u00e8 sviluppata principalmente assumendo come campo d&#8217;indagine la matematica, la quale, ancora oggi, conserva tale posizione preminente. Questa tradizione di logica matematica, per\u00f2, ha oscurato lo sviluppo di altre branche della logica, che sono altrettanto importanti, e che consistono, ad esempio, nella logica delle modalit\u00e0 (aletiche, deontiche, epistemiche, esistenziali), nella logica della preferenza e nella logica temporale.<\/p>\n<p>Di queste logiche, dette non standard, viene qui presa in considerazione, in particolare, la logica deontica o logica dei sistemi  normativi, la quale inizia modernamente con un articolo di  G.H. von Wright, nel 1951. La logica deontica \u00e8 estremamente utile per l&#8217;analisi dei concetti  e dei sistemi normativi nelle scienze sociali. Infatti, applicando i principi e i procedimenti della logica deontica, appare possibile promuovere un maggior rigore nell&#8217;ambito delle scienze sociali, ma tale impegnativo compito pone problemi preliminari di natura semantica e pragmatica, che solo una collaborazione a livello interdisciplinare fra logici e scienziati sociali potr\u00e0 rendere possibile.<\/p>\n\n<hr \/>\n    <img loading=\"lazy\" decoding=\"async\" src=\"\/wp-content\/uploads\/2025\/01\/libro2.jpg\" alt=\"Libro: L'indagine del mondo sociale, Milano, Angeli, 1979.\" width=\"231\" height=\"357\" \/>\n        <em>L&#8217;indagine del mondo sociale<\/em>, Milano, Angeli, 1979.\n<p>Una proposta di &#8220;ricostruzione razionale&#8221; del mondo sociale basata su due principi fondamentali: il punto di vista valutativo-normativo, mediante cui viene &#8220;ritagliata&#8221; la realt\u00e0 sociale; la tesi dell&#8217;unit\u00e0 di valori, norme, azione.<\/p>\n<p>Per meglio chiarire tali presupposti, Di Bernardo li pone a confronto con i principi di due tradizioni filosofiche che hanno profondamente influenzato  la metodologia delle scienze umane e sociali: positivismo ed ermeneutica. Valori e norme, connessi con l&#8217;azione, entrano, direttamente o indirettamente, nella costruzione delle concezioni del mondo sociale. Pertanto, l&#8217;ermeneutica, che ha posto fin dall&#8217;inizio la rilevanza dei valori per la comprensione delle azioni, risulta essere, rispetto al positivismo, pi\u00f9 vicina agli intendimenti dell&#8217;autore, come appare dall&#8217;analisi che egli compie sulle opere di autorevoli studiosi, come, ad esempio, Comte, Spencer, Schlick, Reichenbach, Ayer, Neurath, Dilthey, Windelband, Rickert, Weber, Winch.<\/p>\n<p>La validit\u00e0 dei principi sostenuti dipende da un&#8217;adeguata metodologia, fornita nella seconda parte del volume. In particolare, la tesi dell&#8217;unit\u00e0 di valori, norme, azioni, richiede la specificazione della struttura e del significato dei sistemi normativi, specificazione offerta mediante la costruzione di due sistemi, che rappresentano casi ideali e consentono di caratterizzare rigorosamente i sistemi normativi reali (giuridici, morali, di costume, ecc.) Tali sistemi, inoltre, vengono confrontati col sistema giuridico di Leibniz.<\/p>\n<p>Chiarite le strutture normative, il compito che si pone \u00e8 quello di costruire un modello che spieghi le azioni, riconducendole a un insieme di valori e di norme. Al riguardo, l&#8217;autore riprende i suggerimenti della tradizione wittgensteiniana e, in particolare, quelli di G.H. von Wright, e costruisce un modello di spiegazione dell&#8217;azione, basato sull&#8217;inferenza pratica, modello che pu\u00f2 venir considerato come valida alternativa a quello proposto da C.G. Hempel.<\/p>\n\n<hr \/>\n    <img loading=\"lazy\" decoding=\"async\" src=\"\/wp-content\/uploads\/2025\/01\/libro3.jpg\" alt=\"Libro: Le regole dell'azione sociale, Milano, il Saggiatore, 1983.\" width=\"231\" height=\"323\" \/>\n    <em>Le regole dell&#8217;azione sociale<\/em>, Milano, il Saggiatore, 1983.\n\n        Sempre pi\u00f9 frequentemente lo studioso, interessato alle scienze umane, incontra problemi di natura logica e filosofica: per risolverli o per comprenderli pienamente, tuttavia, gli mancano per lo pi\u00f9 gli strumenti tecnici, e ci\u00f2 perch\u00e9 l&#8217;educazione umanistica che in genere ha ricevuto \u00e8 per tradizione estranea al ragionamento formale. Linguistica, storia, sociologia ormai richiedono invece non solo la conoscenza della logica moderna, ma anzi una sua elaborazione creativa, capace di adattarla al contesto peculiare di queste discipline. Questo libro, che \u00e8 la prima introduzione complessiva al problema, costituisce un utile punto di riferimento per orientarsi in un campo poco familiare.\n    \n\n<hr \/>\n    <img loading=\"lazy\" decoding=\"async\" src=\"\/wp-content\/uploads\/2025\/01\/libro4.jpg\" alt=\"libro: La conoscenza umana. Dalla fisica alla sociologia alla religione, Venezia, Marsilio, 2010.\" width=\"231\" height=\"316\" \/>\n        <em>La conoscenza umana. Dalla fisica alla sociologia alla religione<\/em>, Venezia, Marsilio, 2010.\n<p>Il pensiero di Giuliano Di Bernardo si \u00e8 sviluppato sui due binari paralleli della filosofia e della Massoneria. Con <em>La conoscenza umana. Dalla fisica alla sociologia alla religione<\/em>, egli presenta la sua visione <em>illuministica<\/em> della realt\u00e0, in cui le riflessioni epistemologiche e il pensiero massonico s&#8217;incontrano e si fondono in una prospettiva unitaria. Con la rigorosa indagine sulle teorie della fisica, della biologia e della sociologia, integrata con la teologia delle religioni, egli riporta lo studio dell&#8217;uomo nell&#8217;ambito dell&#8217;evoluzione darwiniana e proietta il suo pensiero verso il futuro dell&#8217;umanit\u00e0.<\/p>\n<p>La specie umana sta rischiando l&#8217;estinzione poich\u00e9 la ragione, portata al culmine della sua potenza, non sa pi\u00f9 governare le sue creazioni (la scienza, la tecnica, l&#8217;arte, l&#8217;etica e la religione). L&#8217;evoluzione ha favorito la ragione ma non la <em>saggezza<\/em> necessaria per limitarla e amministrarla. La ragione, che \u00e8 stata l&#8217;artefice delle grandi civilt\u00e0 umane, ora inconsapevolmente sta operando per distruggerle. La proposta dell&#8217;Autore, al riguardo, \u00e8 che solo l&#8217;avvento del <em>tiranno illuminato<\/em> possa determinare il necessario equilibrio tra la ragione e la saggezza ed evitare l&#8217;estinzione della specie umana.<\/p>\n\n<hr \/>\n    <img loading=\"lazy\" decoding=\"async\" src=\"\/wp-content\/uploads\/2025\/01\/libro5.jpg\" alt=\"Traduzione in rumeno de La conoscenza umana\" width=\"231\" height=\"368\" \/><br \/>\n    Traduzione in rumeno de <em>La conoscenza umana<\/em>.<br \/>\n<hr \/>\n    <img loading=\"lazy\" decoding=\"async\" src=\"\/wp-content\/uploads\/2025\/01\/libro6.jpg\" alt=\"Filosofia della Massoneria, Venezia, Marsilio, 1987.\" width=\"231\" height=\"311\" \/>\n        <em>Filosofia della Massoneria<\/em>, Venezia, Marsilio, 1987.\n<p>Esiste una filosofia della Massoneria? Esiste un&#8217;antropologia massonica? In quali fonti storiche, in quali documenti tale concezione ha trovato una sua codificazione? <\/p>\n<p>Se per filosofia s&#8217;intende un sistema concettuale in grado di comprendere la totalit\u00e0 degli ambiti e dei problemi di cui tradizionalmente la riflessione filosofica si occupa, il pensiero massonico non \u00e8 una &#8220;filosofia&#8221;. Esso per\u00f2 \u00e8 sorretto da una serie precisa e articolata di concezioni che riguardano l&#8217;uomo, la sua natura, le sue finalit\u00e0. Il nucleo essenziale di tale antropologia massonica si \u00e8 venuto a definire e a codificare, nel corso della storia della Massoneria, attorno ad alcuni cardini essenziali, espressi da cinque nozioni-chiave: Libert\u00e0, Tolleranza, Fratellanza, Trascendenza, Segreto iniziatico. <\/p>\n<p>Proprio l&#8217;intreccio tra questi valori costituisce il patrimonio ideale consolidato della Massoneria, nel corso di una lunga elaborazione le cui fonti pi\u00f9 significative sono da rintracciare nelle Costituzioni di Anderson, nei <em>Landmarks<\/em> e nelle Dichiarazioni. Pur tra le difficolt\u00e0 e i problemi d&#8217;interpretazione che tali documenti pongono, \u00e8 possibile rintracciare in essi un sicuro e stabile nucleo unitario, una costruzione di pensiero solida e articolata.<\/p>\n\n<hr \/>\n    <img loading=\"lazy\" decoding=\"async\" src=\"\/wp-content\/uploads\/2025\/01\/libro7.jpg\" alt=\"La ricostruzione del Tempio, Venezia, Marsilio, 1996.\" width=\"231\" height=\"381\" \/>\n        <em>La ricostruzione del Tempio<\/em>, Venezia, Marsilio, 1996.\n<p>Che prospettive ha l&#8217;uomo oggi di fronteggiare una crisi che, per la prima volta nella sua storia millenaria, investe tutti gli aspetti della sua vita? Giuliano Di Bernardo, Gran Maestro della Gran Loggia Regolare d&#8217;Italia, presenta in questo libro il progetto di un'&#8221;etica universale&#8221; che, sostenuto dal pensiero utopico, potrebbe consentire all&#8217;umanit\u00e0 di uscire dalla decadenza morale, politica e sociale in cui essa versa. Per raggiungere tale scopo, La Massoneria ripropone la sua concezione etica e dichiara la conciliabilit\u00e0 fra Massoneria e religioni, in base alla quale \u00e8 possibile appartenere a essa e professare una fede religiosa. Anche le religioni, costatata le difficolt\u00e0 di fondare una religione unitaria, propongono un&#8217;etica globale mondiale. Le due etiche presentano, al di l\u00e0 di alcune differenze, una sostanziale analogia che \u00e8 premessa essenziale per un dialogo aperto agli uomini di buona volont\u00e0. Tuttavia, le due etiche non sono sufficienti per far uscire l&#8217;umanit\u00e0 dallo stato di crisi che l&#8217;affligge. Almeno per questa ragione, oggi pi\u00f9 di ieri, esiste la necessit\u00e0 di ideare utopie, utopie attuabili, fondate sul misticismo. La speranza \u00e8 che l&#8217;uomo, ispirandosi all&#8217;etica e al pensiero utopico, possa intravedere, fra le tenebre che dominano la sua vita, il faro dell&#8217;amore fraterno, premessa essenziale per il rinnovamento materiale, morale e spirituale dell&#8217;umanit\u00e0.<\/p>\n\n<hr \/>\n    <img loading=\"lazy\" decoding=\"async\" src=\"\/wp-content\/uploads\/2025\/01\/libro8.jpg\" alt=\"Traduzione in inglese della Filosofia della Massoneria\" width=\"231\" height=\"356\" \/><br \/>\n    Traduzione in inglese della <em>Filosofia della Massoneria<\/em>\n<hr \/>\n    <img loading=\"lazy\" decoding=\"async\" src=\"\/wp-content\/uploads\/2025\/01\/libro9.jpg\" alt=\"Traduzione in tedesco della Filosofia della Massoneria\" width=\"231\" height=\"369\" \/><br \/>\n    Traduzione in tedesco della <em>Filosofia della Massoneria<\/em>\n<hr \/>\n    <img loading=\"lazy\" decoding=\"async\" src=\"\/wp-content\/uploads\/2025\/01\/libro10.jpg\" alt=\"Traduzione in spagnolo della Filosofia della Massoneria\" width=\"231\" height=\"325\" \/><br \/>\n    Traduzione in spagnolo della <em>Filosofia della Massoneria<\/em>\n<hr \/>\n    <img loading=\"lazy\" decoding=\"async\" src=\"\/wp-content\/uploads\/2025\/01\/libro11.jpg\" alt=\"Traduzione in russo della Filosofia della Massoneria\" width=\"231\" height=\"371\" \/><br \/>\n    Traduzione in russo della <em>Filosofia della Massoneria<\/em>\n<hr \/>\n    <img loading=\"lazy\" decoding=\"async\" src=\"\/wp-content\/uploads\/2025\/01\/libro12.jpg\" alt=\"Traduzione in bulgaro della Filosofia della Massoneria\" width=\"231\" height=\"376\" \/><br \/>\n    Traduzione in bulgaro della <em>Filosofia della Massoneria<\/em>\n<hr \/>\n    <img loading=\"lazy\" decoding=\"async\" src=\"\/wp-content\/uploads\/2025\/01\/libro13.jpg\" alt=\"Traduzione in tedesco de La ricostruzione del Tempio\" width=\"231\" height=\"371\" \/><br \/>\n    Traduzione in tedesco de <em>La ricostruzione del Tempio<\/em>\n<hr \/>\n    <img loading=\"lazy\" decoding=\"async\" src=\"\/wp-content\/uploads\/2025\/01\/libro14.jpg\" alt=\"Traduzione in spagnolo de La ricostruzione del Tempio\" width=\"231\" height=\"348\" \/><br \/>\n    Traduzione in spagnolo de <em>La ricostruzione del Tempio<\/em>\n<hr \/>\n<p>Esistono altre traduzioni non autorizzate, tra cui quella in portoghese.<\/p>\n\n","protected":false},"excerpt":{"rendered":"<p>Bibliografia del Gran Maestro Giuliano di Bernardo.<\/p>","protected":false},"author":2,"featured_media":0,"parent":510,"menu_order":0,"comment_status":"closed","ping_status":"closed","template":"includes\/temp-page-fullwidth.php","meta":{"footnotes":""},"class_list":["post-350","page","type-page","status-publish","hentry"],"_links":{"self":[{"href":"https:\/\/dignityorder.com\/en\/wp-json\/wp\/v2\/pages\/350","targetHints":{"allow":["GET"]}}],"collection":[{"href":"https:\/\/dignityorder.com\/en\/wp-json\/wp\/v2\/pages"}],"about":[{"href":"https:\/\/dignityorder.com\/en\/wp-json\/wp\/v2\/types\/page"}],"author":[{"embeddable":true,"href":"https:\/\/dignityorder.com\/en\/wp-json\/wp\/v2\/users\/2"}],"replies":[{"embeddable":true,"href":"https:\/\/dignityorder.com\/en\/wp-json\/wp\/v2\/comments?post=350"}],"version-history":[{"count":10,"href":"https:\/\/dignityorder.com\/en\/wp-json\/wp\/v2\/pages\/350\/revisions"}],"predecessor-version":[{"id":1367,"href":"https:\/\/dignityorder.com\/en\/wp-json\/wp\/v2\/pages\/350\/revisions\/1367"}],"up":[{"embeddable":true,"href":"https:\/\/dignityorder.com\/en\/wp-json\/wp\/v2\/pages\/510"}],"wp:attachment":[{"href":"https:\/\/dignityorder.com\/en\/wp-json\/wp\/v2\/media?parent=350"}],"curies":[{"name":"wp","href":"https:\/\/api.w.org\/{rel}","templated":true}]}}