{"id":143,"date":"2020-02-24T13:08:57","date_gmt":"2020-02-24T13:08:57","guid":{"rendered":"https:\/\/demosites.io\/zelle-gb\/?page_id=143"},"modified":"2025-03-19T16:56:00","modified_gmt":"2025-03-19T15:56:00","slug":"0227d-home","status":"publish","type":"page","link":"https:\/\/dignityorder.com\/it\/","title":{"rendered":"Home"},"content":{"rendered":"\n\n        <img decoding=\"async\" src=\"\/wp-content\/uploads\/2025\/01\/scritta.png\"\/>\n        <p>&#8220;La dignit\u00e0 \u00e8 un elemento costitutivo dell&#8217;uomo, nel senso che, se l&#8217;uomo perde la sua dignit\u00e0, non \u00e8 pi\u00f9 uomo&#8221;<\/p>\n\t<h1>Dignity Order<\/h1>\n<p><em>Dignity \u00e8 un ordine esoterico per la difesa della dignit\u00e0 umana<\/em><\/p>\n            <a href=\"\/gran-maestro\/chi-e-giuliano-di-bernardo\/\"><br \/>\n                Chi \u00e8 Giuliano Di Bernardo<br \/>\n            <\/a>\n            <img loading=\"lazy\" decoding=\"async\" onclick=\"window.location.href='\/gran-maestro\/chi-e-giuliano-di-bernardo\/';\" src=\"https:\/\/dignityorder.com\/wp-content\/uploads\/2025\/01\/GM1.jpg\" alt=\"Giuliano Di Bernardo\" width=\"383\" height=\"516\" \/>\n\n                Giuliano Di Bernardo nasce a Penne (Pescara) il 1\u00b0 marzo 1939. Trascorre l&#8217;adolescenza dedicandosi allo studio della filosofia.  A sedici anni scopre l&#8217;esistenza della Massoneria e ne \u00e8 affascinato, poich\u00e9 vede in&#8230;\n            \n\n\n            <a href=\"\/lordine\/il-manifesto-dellordine\/\"><br \/>\n                Il Manifesto dell&#8217;Ordine<br \/>\n            <\/a>\n            <img loading=\"lazy\" decoding=\"async\" onclick=\"window.location.href='\/lordine\/il-manifesto-dellordine\/';\" src=\"https:\/\/dignityorder.com\/wp-content\/uploads\/2025\/01\/Creazione.jpg\" alt=\"Creazione\" width=\"383\" height=\"516\" \/>\n\n                Dignity \u00e8 un Ordine esoterico internazionale che si pu\u00f2 rappresentare come una piramide al cui vertice \u00e8 il Gran Maestro. Fondatore e Gran Maestro di Dignity \u00e8 Giuliano Di Bernardo. Scopo&#8230;\n            \n\n\n\n","protected":false},"excerpt":{"rendered":"<p>&#8220;La dignit\u00e0 \u00e8 un elemento costitutivo dell&#8217;uomo, nel senso che, se l&#8217;uomo perde la sua dignit\u00e0, non \u00e8 pi\u00f9 uomo&#8221; Dignity Order Dignity \u00e8 un ordine esoterico per la difesa della dignit\u00e0 umana Chi \u00e8 Giuliano Di Bernardo Giuliano Di Bernardo nasce a Penne (Pescara) il 1\u00b0 marzo 1939. Trascorre l&#8217;adolescenza dedicandosi allo studio della filosofia. A sedici anni scopre&#8230;<\/p>\n","protected":false},"author":2,"featured_media":245,"parent":0,"menu_order":0,"comment_status":"closed","ping_status":"closed","template":"includes\/temp-page-fullwidth.php","meta":{"footnotes":""},"class_list":["post-143","page","type-page","status-publish","has-post-thumbnail","hentry"],"_links":{"self":[{"href":"https:\/\/dignityorder.com\/it\/wp-json\/wp\/v2\/pages\/143","targetHints":{"allow":["GET"]}}],"collection":[{"href":"https:\/\/dignityorder.com\/it\/wp-json\/wp\/v2\/pages"}],"about":[{"href":"https:\/\/dignityorder.com\/it\/wp-json\/wp\/v2\/types\/page"}],"author":[{"embeddable":true,"href":"https:\/\/dignityorder.com\/it\/wp-json\/wp\/v2\/users\/2"}],"replies":[{"embeddable":true,"href":"https:\/\/dignityorder.com\/it\/wp-json\/wp\/v2\/comments?post=143"}],"version-history":[{"count":10,"href":"https:\/\/dignityorder.com\/it\/wp-json\/wp\/v2\/pages\/143\/revisions"}],"predecessor-version":[{"id":1378,"href":"https:\/\/dignityorder.com\/it\/wp-json\/wp\/v2\/pages\/143\/revisions\/1378"}],"wp:featuredmedia":[{"embeddable":true,"href":"https:\/\/dignityorder.com\/it\/wp-json\/wp\/v2\/media\/245"}],"wp:attachment":[{"href":"https:\/\/dignityorder.com\/it\/wp-json\/wp\/v2\/media?parent=143"}],"curies":[{"name":"wp","href":"https:\/\/api.w.org\/{rel}","templated":true}]}}