{"id":362,"date":"2025-01-18T11:27:27","date_gmt":"2025-01-18T10:27:27","guid":{"rendered":"http:\/\/dignityorder.com\/?page_id=362"},"modified":"2025-02-08T09:09:11","modified_gmt":"2025-02-08T08:09:11","slug":"il-perfezionamento","status":"publish","type":"page","link":"https:\/\/dignityorder.com\/it\/gran-maestro\/il-perfezionamento\/","title":{"rendered":"Il Perfezionamento"},"content":{"rendered":"\n\n\t<nav aria-label=\"breadcrumbs\">\n            <div class=\"breadcrumb-container theme1\">\n                <ol>\n                                    <\/ol>\n            <\/div>\n        <\/nav>    <script type=\"application\/ld+json\">\n        {\n            \"@context\": \"http:\/\/schema.org\",\n            \"@type\": \"BreadcrumbList\",\n            \"itemListElement\": [\n                            ]\n        }\n    <\/script>\n   \n    <script>\n            <\/script>\n\n\t<h1>Il perfezionamento<\/h1>\n<h2>Quinta Riflessione<\/h2>\n\n    Per &#8220;perfezionamento&#8221;, s&#8217;intende un percorso che l&#8217;Iniziato segue per tutta la sua vita, per acquisire livelli superiori di autocoscienza.\n\n\n    Il perfezionamento ha una duplice natura:\u00a0<em>esoterica<\/em>\u00a0e\u00a0<em>conoscitiva<\/em>. Sono due facce della stessa medaglia. Sebbene separate, l&#8217;una si basa sull&#8217;altra e entrambe conducono alla perfezione.\n\n\n    La\u00a0<em>natura esoterica<\/em>\u00a0ha origine nell&#8217;iniziazione mediante cui il Candidato &#8220;muore&#8221; come profano per &#8220;rinascere&#8221; come Cavaliere (Dama) di Dignity. Egli acquisisce una dimensione che non aveva prima. Nello stesso istante in cui riceve la luce, inizia per lui un percorso simbolico che lo porter\u00e0 a svelare i Misteri della vita.\n\n\n    Questo percorso \u00e8 caratterizzabile nel modo seguente.\n\n<ol>\n<li>Il\u00a0<em>fondamento esoterico<\/em>\u00a0dell&#8217;umanit\u00e0, che inizia con i Riti orfici in Grecia nel VI\u00b0 secolo a.C.<\/li>\n<li>Il\u00a0<em>simbolismo<\/em>, che esprime tale fondamento.<\/li>\n<li>La\u00a0<em>sacralit\u00e0<\/em>\u00a0del Tempio, dove si svolgono le Cerimonie di Iniziazione, Passaggio ed Elevazione.<\/li>\n<\/ol>\n\n    La storia dell&#8217;uomo \u00e8 descritta, nei suoi molteplici aspetti, da documenti del passato che parlano di fatti, eventi e vicende che si sono svolti in tempi e luoghi diversi. Lo stesso vale per il pensiero (mitico, filosofico, scientifico).\n\n\n    La storia dell&#8217;uomo, tuttavia, \u00e8 scritta anche da ci\u00f2 che avviene nei &#8220;sotterranei&#8221;. Esiste un &#8220;filo occulto&#8221; che accompagna e giustifica, passo dopo passo, la storia che leggiamo nei libri.\n\n\n    Denomino &#8220;Fondamento esoterico dell&#8217;umanit\u00e0&#8221; questo filo occulto, che trova espressione in societ\u00e0 iniziatiche come i Rosacroce, gli Illuminati, la Massoneria e Dignity.\n\n\n    L&#8217;esoterismo \u00e8 un mondo scritto da &#8220;simboli&#8221;. Se vogliamo conoscerlo, dobbiamo imparare a leggere tali simboli. I simboli, per\u00f2, sono rivelati solo agli iniziati. Sono loro, perci\u00f2, coloro i quali possono intendere il mondo esoterico. Ai profani tale facolt\u00e0 non \u00e8 concessa.\n\n    Il filo occulto dell&#8217;umanit\u00e0, costituito da simboli il cui significato \u00e8 noto solo agli iniziati, trova espressione in un luogo, separato dai luoghi profani, che \u00e8 sacro ed \u00e8 denominato &#8220;Tempio&#8221;. Il termine &#8220;sacro&#8221; va tenuto distinto da quello di &#8220;religioso&#8221;, poich\u00e9 il sacro \u00e8 originario mentre il religioso \u00e8 una sua interpretazione. La sacralit\u00e0 di Dignity, perci\u00f2, non va confusa con la religiosit\u00e0.\n\n\n    Nel Tempio, luogo sacro dove si riuniscono gli iniziati, si svolgono le Cerimonie di Iniziazione, Passaggio ed Elevazione. Ci\u00f2 significa che il percorso esoterico \u00e8 caratterizzato da tre stadi, in ordine ascendente, che denomino &#8220;Gradi&#8221;.\n\n    Il Primo Grado \u00e8 quello dell&#8217;Iniziazione mediante cui si \u00e8 costituiti Cavalieri (Dame). Il simbolismo di questo Grado \u00e8 quello del &#8220;Triangolo&#8221;, figura geometrica primordiale che il Demiurgo di Platone, con sapienza divina, prese nelle sue mani e con esso cominci\u00f2 a creare il mondo sensibile.\n\n\n    Il Secondo Grado \u00e8 quello del Passaggio a un livello superiore di conoscenza. Il simbolismo di questo Grado \u00e8 quello del &#8220;Quadrato&#8221;, figura geometrica usata per indicare i quattro elementi sensibili creati col Triangolo: Terra, Acqua, Aria e Fuoco.\n\n\n    Il Terzo Grado \u00e8 quello dell&#8217;Elevazione al pi\u00f9 alto livello di conoscenza. Il simbolismo di questo Grado \u00e8 quello del &#8220;Cerchio&#8221;, figura geometrica che rappresenta la perfezione verso cui tutti gli Iniziati devono tendere.\n\n\n    Il Triangolo e il Cerchio sono l&#8217;origine e la fine del Tutto. Nel mezzo vi \u00e8 la vita umana con tutte le sue contraddizioni: bene e male, giusto e ingiusto, buono e cattivo, bello e brutto.\n\n\n    Le contraddizioni della vita sono rappresentate simbolicamente con il &#8220;bianco&#8221; e con il &#8220;nero&#8221;. Il Tappeto a scacchi bianchi e neri rappresenta la lotta per la vita. per il trionfo dei valori morali.\n\n\n    Coloro i quali vinceranno tale lotta potranno accedere ai privilegi del Cerchio e condurre una vita serena e densa di realizzazioni importanti, per se stessi e per gli altri.\n\n\n    Coloro i quali perderanno saranno ridotti allo stato di &#8220;bruti&#8221; e condurranno una vita di sofferenze.\n\n\n    In Dignity, lo studio esoterico implica la conoscenza del Simbolismo, dei Rituali, del Tempio e del Certificato.\n\n\n    La\u00a0<em>natura conoscitiva<\/em>\u00a0del perfezionamento si esprime mediante lo studio del significato filosofico dei tre Gradi.\n\n\n    Nel Primo Grado, l&#8217;Iniziato deve conoscere se stesso, come Socrate ha detto e altri filosofi hanno ribadito. La conoscenza di se stessi si esplica con lo studio della Filosofia, della Morale e della Psicologia. Questo Grado rappresenta il &#8220;Primo Pilastro della vita&#8221;.\n\n\n    Nel Secondo Grado, dopo aver conosciuto se stesso, l&#8217;Iniziato deve conoscere gli altri uomini, per intendere le regole della societ\u00e0 in cui egli vive. La conoscenza degli altri si esplica mediante lo studio della Filosofia e delle Scienze sociali. Questo Grado rappresenta il &#8220;Secondo Pilastro&#8221; della vita.\n\n\n    Nel Terzo Grado, dopo aver conosciuto se stesso e gli altri, l&#8217;Iniziato deve conoscere Dio e le religioni che lo interpretano. La conoscenza di Dio si esplica mediante lo studio della Filosofia e delle Dottrine teologiche. Questo Grado Rappresenta il &#8220;Terzo Pilastro&#8221; della vita.\n\n\n    La conoscenza della vita \u00e8 completa se, e solo se, l&#8217;Iniziato apprende i tre Pilastri su cui essa poggia. Allora, e solo allora, \u00a0la Saggezza assurger\u00e0 a guida suprema della condotta umana. Con la Saggezza, ci si avviciner\u00e0 alla perfezione, limite ideale e irraggiungibile verso cui l&#8217;iniziato deve tendere.\n\n","protected":false},"excerpt":{"rendered":"<p>Per &#8220;perfezionamento&#8221;, s&#8217;intende un percorso che l&#8217;Iniziato segue per tutta la sua vita, per acquisire livelli superiori di autocoscienza. Il perfezionamento ha una duplice natura: esoterica e conoscitiva. Sono due facce della stessa medaglia. Sebbene separate, l&#8217;una si basa sull&#8217;altra e entrambe conducono alla perfezione.<\/p>\n","protected":false},"author":2,"featured_media":0,"parent":510,"menu_order":0,"comment_status":"closed","ping_status":"closed","template":"includes\/temp-page-fullwidth.php","meta":{"footnotes":""},"class_list":["post-362","page","type-page","status-publish","hentry"],"_links":{"self":[{"href":"https:\/\/dignityorder.com\/it\/wp-json\/wp\/v2\/pages\/362","targetHints":{"allow":["GET"]}}],"collection":[{"href":"https:\/\/dignityorder.com\/it\/wp-json\/wp\/v2\/pages"}],"about":[{"href":"https:\/\/dignityorder.com\/it\/wp-json\/wp\/v2\/types\/page"}],"author":[{"embeddable":true,"href":"https:\/\/dignityorder.com\/it\/wp-json\/wp\/v2\/users\/2"}],"replies":[{"embeddable":true,"href":"https:\/\/dignityorder.com\/it\/wp-json\/wp\/v2\/comments?post=362"}],"version-history":[{"count":10,"href":"https:\/\/dignityorder.com\/it\/wp-json\/wp\/v2\/pages\/362\/revisions"}],"predecessor-version":[{"id":1216,"href":"https:\/\/dignityorder.com\/it\/wp-json\/wp\/v2\/pages\/362\/revisions\/1216"}],"up":[{"embeddable":true,"href":"https:\/\/dignityorder.com\/it\/wp-json\/wp\/v2\/pages\/510"}],"wp:attachment":[{"href":"https:\/\/dignityorder.com\/it\/wp-json\/wp\/v2\/media?parent=362"}],"curies":[{"name":"wp","href":"https:\/\/api.w.org\/{rel}","templated":true}]}}