{"id":909,"date":"2025-01-23T16:44:00","date_gmt":"2025-01-23T15:44:00","guid":{"rendered":"http:\/\/dignityorder.com\/?page_id=909"},"modified":"2025-02-08T09:04:21","modified_gmt":"2025-02-08T08:04:21","slug":"le-costituzioni-e-i-regolamenti-generali","status":"publish","type":"page","link":"https:\/\/dignityorder.com\/it\/lordine\/le-costituzioni-e-i-regolamenti-generali\/","title":{"rendered":"Le Costituzioni e i Regolamenti Generali"},"content":{"rendered":"\n\n\t<nav aria-label=\"breadcrumbs\">\n            <div class=\"breadcrumb-container theme1\">\n                <ol>\n                                    <\/ol>\n            <\/div>\n        <\/nav>    <script type=\"application\/ld+json\">\n        {\n            \"@context\": \"http:\/\/schema.org\",\n            \"@type\": \"BreadcrumbList\",\n            \"itemListElement\": [\n                            ]\n        }\n    <\/script>\n   \n    <script>\n            <\/script>\n\n\t<h1>Le Costituzioni e i Regolamenti Generali<\/h1>\n<h2>Le Costituzioni<\/h2>\n<h3>Art. 1<\/h3>\n<p>\u00c8 costituito un Ordine internazionale denominato &#8220;DIGNITY. ORDINE PER LA DIFESA DELLA DIGNIT\u00c0 DELL&#8217;UOMO&#8221;.<\/p>\n<h3>Art. 2<\/h3>\n<p>L&#8217;Ordine ha sede a Vienna in Austria.<\/p>\n<p>Possono essere istituite sedi secondarie in tutti i Paesi del mondo.<\/p>\n<h3>Art. 3<\/h3>\n<p>L&#8217;Ordine ha la finalit\u00e0 di promuovere il perfezionamento morale, culturale e sociale dell&#8217;uomo. In particolare, esso persegue lo sviluppo di attivit\u00e0 intellettive, come la filosofia, la scienza, la medicina, il diritto, l&#8217;economia, l&#8217;arte, la religione, la comunicazione attraverso progetti che esprimono armonia e rispetto nei confronti di tutte le concezioni dell&#8217;uomo e della vita.<\/p>\n<p>In una visione universalistica, l&#8217;Ordine ricerca e favorisce progetti etici e culturali con la partecipazione di tutti coloro i quali hanno dentro di s\u00e9 la luce per illuminare le tenebre che minacciano l&#8217;umanit\u00e0. Particolare importanza sar\u00e0 data all&#8217;educazione delle nuove generazioni, fornendo loro non solo gli strumenti per conoscere il mondo in cui vivono, ma anche e soprattutto i principi etici per creare armonia tra gli uomini.<\/p>\n<h3>Art. 4<\/h3>\n<p>Sono membri dell&#8217;Ordine le persone fisiche che, indipendentemente dal sesso, dalla razza, dalla lingua, dalla religione e dalla cultura, presentino domanda di ammissione in quanto accettata.<\/p>\n<p>Nell&#8217;Ordine si distinguono:<\/p>\n<ul>\n<li>Membri Fondatori;<\/li>\n<li>Membri Ordinari.<\/li>\n<\/ul>\n<p>Sono Membri Fondatori coloro i quali partecipano all&#8217;atto costitutivo. \u00c8 tuttavia facolt\u00e0 del Consiglio dell&#8217;Ordine assimilare altri membri ai Membri Fondatori attribuendo loro le medesime prerogative.<\/p>\n<p>Sono Membri ordinari tutti coloro i quali, avendo presentato domanda e impegnandosi a rispettare le finalit\u00e0 dell&#8217;Ordine, sono chiamati a farne parte.<\/p>\n<p>Gli Organi competenti istruiscono la domanda di ammissione a proprio insindacabile giudizio e ne comunicano l&#8217;esito.<\/p>\n<p>Non esiste alcun obbligo di motivare il rigetto della domanda.<\/p>\n<h3>Art. 5<\/h3>\n<p>Si perde la qualifica di Membro per decesso o per dimissione. Il Membro recedente non avr\u00e0 diritto a liquidazione alcuna.<\/p>\n<p>In caso di comportamento difforme o in contrasto con le Costituzioni, i Regolamenti e i Principi dell&#8217;Ordine, gli Organi competenti possono deliberare l&#8217;espulsione, senza l&#8217;obbligo di motivazione n\u00e9 di liquidazione.<\/p>\n<h3>Art. 6<\/h3>\n<p>Il patrimonio dell&#8217;Ordine \u00e8 costituito da:<\/p>\n<ol>\n<li>beni mobili e immobili che diverranno di propriet\u00e0 dell&#8217;Ordine;<\/li>\n<li>donazioni, erogazioni e lasciati che saranno fatti all&#8217;Ordine e da questo accettati;<\/li>\n<li>contributi dello Stato, di enti locali, di enti pubblici e di privati destinati al perseguimento degli scopi dell&#8217;Ordine;<\/li>\n<li>eventuali fondi di riserva costituiti con le eccedenze di bilancio.<\/li>\n<\/ol>\n<h3>Art. 7<\/h3>\n<p>Gli Organi dell&#8217;Ordine sono:<\/p>\n<ul>\n<li>Il Gran Maestro<\/li>\n<li>Il Consiglio del Gran Maestro<\/li>\n<li>Il Consiglio direttivo dell&#8217;Associazione Dignity internazionale<\/li>\n<li>I Gran Priorati:\n<ul>\n<li>Il Gran Priore<\/li>\n<li>Il Consiglio dell&#8217;Ordine<\/li>\n<li>I Priorati<\/li>\n<li>Le Commende<\/li>\n<li>Il Consiglio dei Priori<\/li>\n<li>Il Consiglio dei Commendatori<\/li>\n<\/ul>\n<\/li>\n<\/ul>\n<h3>Art. 8<\/h3>\n<p>Il Gran Maestro \u00e8 la Guida morale dell&#8217;Ordine. Egli nomina i Gran Priori e rappresenta l&#8217;Ordine nel mondo. Egli resta in carica finch\u00e9 non decider\u00e0 di ritirarsi.<\/p>\n<h3>Art. 9<\/h3>\n<p>Il Consiglio del Gran Maestro \u00e8 costituito dal Deputato Gran Maestro, dai Gran Priori, dal Gran Segretario\/Gran Tesoriere.<\/p>\n<p>\u00c8 presieduto dal Gran Maestro.<\/p>\n<p>Tutti i membri del Consiglio sono nominati dal Gran Maestro e restano in carico tre anni. Possono essere rimossi dal Gran Maestro se il loro operare \u00e8 in contrasto con le Costituzioni, i Regolamenti e i Principi dell&#8217;Ordine.<\/p>\n<h3>Art.10<\/h3>\n<p>Il Gran Maestro, nello svolgimento delle sue funzioni in tutto il mondo, \u00e8 coadiuvato dal Team &#8220;Mission &amp; Communication&#8221;.<\/p>\n<h3>Art. 11<\/h3>\n<p>Il Gran Maestro pu\u00f2 costituire un Gran Priorato in tutti i Paesi del mondo. Il governo del Gran Priorato \u00e8 affidato a un Gran Priore nominato dal Gran Maestro. Il Gran Priore, a sua volta, nomina i Priori, i Commendatori e i Consiglieri dell&#8217;Ordine nel suo territorio. I Gran Priori hanno il compito di diffondere l&#8217;Ordine nel proprio Paese, organizzando Conventi ed Eventi e instaurando relazioni con le Istituzioni pubbliche e private. Faranno avere al Gran Maestro un rapporto annuale sullo stato del loro Gran Priorato. Fisseranno le quote annuali che i singoli Membri dovranno pagare per lo svolgimento delle attivit\u00e0 dell&#8217;Ordine.<\/p>\n<h3>Art. 12<\/h3>\n<p>La natura, la struttura e le funzioni dell&#8217;Ordine saranno definiti nei &#8220;Regolamenti Generali&#8221;.<\/p>\n<hr \/>\n<h2>Regolamenti Generali<\/h2>\n<p>I Regolamenti Generali dell&#8217;Ordine sono costituiti da regole mediante le quali si realizza lo scopo fondamentale previsto dall&#8217;Art. 3 delle Costituzioni: &#8220;L&#8217;Ordine ha la finalit\u00e0 di promuovere il perfezionamento morale, culturale e sociale dell&#8217;uomo. In particolare, esso persegue lo sviluppo di attivit\u00e0 intellettive come la filosofia, la scienza, la medicina, il diritto, l&#8217;economia, l&#8217;arte, la religione, la comunicazione attraverso progetti che esprimono armonia e rispetto nei confronti di tutte le concezioni dell&#8217;uomo e della vita. In una visione universalistica, l&#8217;Ordine ricerca e favorisce progetti etici, culturali e sociali con la partecipazione di tutti coloro i quali hanno dentro di s\u00e9 la luce per illuminare le tenebre che minacciano l&#8217;umanit\u00e0. Particolare importanza sar\u00e0 data all&#8217;educazione delle nuove generazioni, fornendo loro non solo gli strumenti per conoscere il mondo in cui vivono, ma anche e soprattutto i principi etici per creare armonia tra gli uomini&#8221;.<\/p>\n<h3>Il Gran Maestro<\/h3>\n<p>Il Gran Maestro \u00e8 la guida morale dell&#8217;Ordine. Secondo le antiche usanze, egli sar\u00e0 eletto dal Consiglio del Gran Maestro. Per la sua elezione si richiede l&#8217;unanimit\u00e0 dei voti. Rester\u00e0 in carica fino a quando egli stesso non decider\u00e0 di ritirarsi.<\/p>\n<p>Il Fondatore dell&#8217;Ordine sar\u00e0 il Gran Maestro.<\/p>\n<p>Dal giorno dell&#8217;elezione, il Gran Maestro esercita i poteri e le prerogative del rango, previsti dalla tradizione, dalle Costituzioni e dai Regolamenti. In caso di morte o dimissioni del Gran Maestro, il Deputato Gran Maestro dovr\u00e0, entro quindici giorni, convocare il Consiglio del Gran Maestro per l&#8217;elezione del suo successore.<\/p>\n<p>Il Gran Maestro nominer\u00e0 i Gran Priori e creer\u00e0 Gran Priorati in tutti i Paesi del mondo.<\/p>\n<p>Nessuna comunicazione pu\u00f2 essere fatta al Gran Maestro se non tramite il Gran Segretario.<\/p>\n<p>Il titolo da usare per il Gran Maestro \u00e8: &#8220;Eminentissimo e Supremo Gran Maestro&#8221;.<\/p>\n<h3>Il Consiglio del Gran Maestro<\/h3>\n<p>Il Consiglio del Gran Maestro \u00e8 cos\u00ec costituito:<\/p>\n<ul>\n<li>Gran Maestro<\/li>\n<li>Deputato Gran Maestro<\/li>\n<li>Gran Priori<\/li>\n<li>Gran Segretario\/Gran Tesoriere<\/li>\n<\/ul>\n<p>Il Deputato Gran Maestro, in assenza del Gran Maestro, detiene tutti i suoi poteri e privilegi.<\/p>\n<p>Il Gran Segretario emette gli avvisi delle convocazioni di tutte le riunioni del Consiglio. Egli deve partecipare a queste riunioni e compilarne i verbali.<\/p>\n<p>Il Gran Tesoriere redige il bilancio generale dell&#8217;Ordine, dopo aver ricevuto dai singoli Gran Priorati i loro rendiconti.<\/p>\n<p>Tutti i Membri del Consiglio sono nominati dal Gran Maestro e restano in carica per tre anni. Essi possono essere rimossi dal Gran Maestro se il loro operare \u00e8 in contrasto con le Costituzioni, i Regolamenti e i Principi dell&#8217;Ordine.<\/p>\n<p>Il Consiglio del Gran Maestro ha il potere di emanare, modificare e abrogare i Regolamenti dell&#8217;Ordine, preservando sempre i valori della tradizione esoterica.<\/p>\n<p>Esso ha altres\u00ec il potere di investigare, regolare e decidere su tutte le questioni relative all&#8217;Ordine in generale e ai Gran Priorati. Esso stabilisce la quota annuale che ogni Gran Priorato deve versare al Gran Tesoriere all&#8217;inizio di ogni anno solare.<\/p>\n<p>I Membri del Consiglio eleggono il Gran Maestro.<\/p>\n<p>Il titolo da usare per i Membri del Consiglio \u00e8: &#8220;Eminentissimo&#8221;.<\/p>\n<p>Il Consiglio del Gran Maestro si riunisce quattro volte l&#8217;anno nella Sede di Vienna o nel luogo deciso dal Gran Maestro. Tutti i Membri ne riceveranno comunicazione dal Gran Segretario almeno quindici giorni prima. Il Gran Maestro pu\u00f2 fare convocazioni straordinarie.<\/p>\n<h3>I Gran Priorati<\/h3>\n<p>I Gran Priori rappresentano l&#8217;Ordine nel loro Paese di appartenenza. Essi nominano i Priori, i Commendatori e i Consiglieri dell&#8217;Ordine. Fissano la quota annuale che i singoli adepti dovranno pagare all&#8217;inizio di ogni anno solare. Autorizzano i Conventi e gli Eventi dell&#8217;Ordine. Risolvono i conflitti che possono insorgere tra adepti, tra Commende, tra Priorati. Devono preparare un rapporto sullo stato dei loro Gran Priorati, che consegneranno al Gran Maestro alla fine dell&#8217;anno solare. Devono anche preparare un Rendiconto delle spese e delle entrate di ogni anno, che devono far avere al Gran Tesoriere.<\/p>\n<p>Il titolo da usare per i Gran Priori \u00e8: &#8220;Eminentissimo&#8221;.<\/p>\n<h3>Ammissione all&#8217;Ordine<\/h3>\n<p>La scelta degli uomini \u00e8 fondamentale per l&#8217;esistenza e lo sviluppo dell&#8217;Ordine. I Candidati dell&#8217;Ordine devono possedere qualit\u00e0 intrinseche alla loro coscienza, come la dignit\u00e0, l&#8217;onore, la fedelt\u00e0, l&#8217;altruismo e il rispetto. Il Proponente \u00e8 responsabile della condotta del Candidato che \u00e8 stato accettato in base alla sua presentazione. Tale responsabilit\u00e0 non finisce con l&#8217;ammissione del Candidato ma continua anche nel futuro.<\/p>\n<p>Il rischio di fallire, nella scelta dei Candidati, purtroppo, esiste. Per quanto rigorosi siano i criteri di ammissione, \u00e8 sempre possibile che qualcuno, che non ha le qualit\u00e0 richieste, riesca a entrare. L&#8217;unico modo per ridurre al minimo tale rischio consiste nel darsi regole precise e rispettarle rigorosamente.<\/p>\n<p>La prima regola aurea \u00e8 quella mediante cui il Candidato si deve impegnare sul suo onore a condividere totalmente, senza riserva alcuna, i Principi dell&#8217;Ordine.<\/p>\n<p>La seconda regola aurea recita: &#8220;Non possono entrare nell&#8217;Ordine coloro i quali devono restare fuori, ma non devono restare fuori coloro i quali invece possono entrare&#8221;. Ci\u00f2 significa che bisogna evitare i due estremi opposti: allargare troppo o restringere troppo le maglie della rete. Se allarghiamo troppo, il rischio \u00e8 di far passare coloro i quali non devono entrare. Se restringiamo troppo, il rischio \u00e8 di lasciar fuori coloro i quali possono entrare. Il primo rischio si corre quando si \u00e8 spinti dal desiderio di avere un Ordine numericamente grande. Il secondo rischio si corre, viceversa, quando si \u00e8 troppo prudenti. La soluzione sta, aristotelicamente, nella giusta via di mezzo, evitando gli estremi e consentendo una crescita armonica.<\/p>\n<p>La terza regola aurea consiste nello sviluppo quantitativo armonico. Ci\u00f2 significa che l&#8217;armonia \u00e8 l&#8217;originario oggettivo dell&#8217;Ordine. \u00c8 proprio l&#8217;armonia che stabilisce il limite della crescita quantitativa: la crescita deve essere interrotta quando l&#8217;armonia non \u00e8 pi\u00f9 garantita.<\/p>\n<p>Da questa premessa, discendono le seguenti regole che la codificano.<\/p>\n<h4>Regola 1<\/h4>\n<p>La presentazione dei Candidati deve essere preceduta da una scrupolosa valutazione delle qualit\u00e0 richieste, che consistono, principalmente, nella dignit\u00e0, onore, fedelt\u00e0, altruismo e rispetto. I Proponenti sono e saranno responsabili della condotta dei nuovi Cavalieri e Dame da essi proposti.<\/p>\n<h4>Regola 2<\/h4>\n<p>La domanda di ammissione, che perfeziona la presentazione del Candidato, deve essere inoltrata al proprio Commendatore, che la sottopone al suo personale vaglio. Se il Commendatore, sentito i suoi Cavalieri e Dame, conferma il giudizio espresso dal Proponente, la domanda viene inoltrata al Gran Priore, per la sua approvazione definitiva. Se il Gran Priore non ha informazioni negative, autorizza la procedura per l&#8217;investitura.<\/p>\n<h4>Regola 3<\/h4>\n<p>Il ruolo principale del Commendatore \u00e8 di governare il territorio di sua competenza. Spetta a lui il compito di sviluppare l&#8217;Ordine secondo le Costituzioni e i Regolamenti, di dirimere eventuali controversie tra Cavalieri e Dame, di promuovere le attivit\u00e0 dell&#8217;Ordine e di controllare che tutto sia giusto e perfetto.<\/p>\n<h4>Regola 4<\/h4>\n<p>Il ruolo principale del Priore \u00e8 di rappresentare il Gran Priore nel territorio di sua competenza e di favorire i rapporti tra i suoi Commendatori affinch\u00e9 l&#8217;armonia nasca e si sviluppi. A tale scopo, egli organizzer\u00e0 e presieder\u00e0 incontri periodici con tutti i suoi Commendatori, per conoscere i loro problemi e per risolverli. Dirimer\u00e0, infine, le loro eventuali controversie.<\/p>\n\n","protected":false},"excerpt":{"rendered":"<p>\u00c8 costituito un Ordine internazionale denominato \u201cDIGNITY. ORDINE PER LA DIFESA DELLA DIGNIT\u00c0 DELL\u2019UOMO\u201d. L\u2019Ordine ha sede a Vienna in Austria. Possono essere istituite sedi secondarie in tutti i Paesi del mondo.<\/p>\n","protected":false},"author":2,"featured_media":0,"parent":551,"menu_order":0,"comment_status":"closed","ping_status":"closed","template":"includes\/temp-page-fullwidth.php","meta":{"footnotes":""},"class_list":["post-909","page","type-page","status-publish","hentry"],"_links":{"self":[{"href":"https:\/\/dignityorder.com\/it\/wp-json\/wp\/v2\/pages\/909","targetHints":{"allow":["GET"]}}],"collection":[{"href":"https:\/\/dignityorder.com\/it\/wp-json\/wp\/v2\/pages"}],"about":[{"href":"https:\/\/dignityorder.com\/it\/wp-json\/wp\/v2\/types\/page"}],"author":[{"embeddable":true,"href":"https:\/\/dignityorder.com\/it\/wp-json\/wp\/v2\/users\/2"}],"replies":[{"embeddable":true,"href":"https:\/\/dignityorder.com\/it\/wp-json\/wp\/v2\/comments?post=909"}],"version-history":[{"count":7,"href":"https:\/\/dignityorder.com\/it\/wp-json\/wp\/v2\/pages\/909\/revisions"}],"predecessor-version":[{"id":1209,"href":"https:\/\/dignityorder.com\/it\/wp-json\/wp\/v2\/pages\/909\/revisions\/1209"}],"up":[{"embeddable":true,"href":"https:\/\/dignityorder.com\/it\/wp-json\/wp\/v2\/pages\/551"}],"wp:attachment":[{"href":"https:\/\/dignityorder.com\/it\/wp-json\/wp\/v2\/media?parent=909"}],"curies":[{"name":"wp","href":"https:\/\/api.w.org\/{rel}","templated":true}]}}